{"id":40,"date":"2014-03-08T11:20:01","date_gmt":"2014-03-08T11:20:01","guid":{"rendered":"http:\/\/www.sotirakis.biz\/?page_id=40"},"modified":"2023-03-30T14:25:15","modified_gmt":"2023-03-30T12:25:15","slug":"hizmetler","status":"publish","type":"page","link":"https:\/\/sotirakis.biz\/tr\/hizmetler\/","title":{"rendered":"Hizmetler"},"content":{"rendered":"<div class=\"wpb-content-wrapper\"><p>[vc_row woodmart_stretch_content=&#8221;section-stretch-content-no-pd&#8221; css=&#8221;.vc_custom_1680177703435{margin-top: -40px !important;padding-top: 200px !important;padding-bottom: 200px !important;background-image: url(https:\/\/sotirakis.biz\/wp-content\/uploads\/2023\/03\/services-sotirakis.jpg?id=7807) !important;}&#8221; woodmart_css_id=&#8221;64257a232dc9e&#8221; responsive_spacing=&#8221;eyJwYXJhbV90eXBlIjoid29vZG1hcnRfcmVzcG9uc2l2ZV9zcGFjaW5nIiwic2VsZWN0b3JfaWQiOiI2NDI1N2EyMzJkYzllIiwic2hvcnRjb2RlIjoidmNfcm93IiwiZGF0YSI6eyJ0YWJsZXQiOnt9LCJtb2JpbGUiOnt9fX0=&#8221; mobile_bg_img_hidden=&#8221;no&#8221; tablet_bg_img_hidden=&#8221;no&#8221; woodmart_parallax=&#8221;0&#8243; woodmart_gradient_switch=&#8221;no&#8221; woodmart_box_shadow=&#8221;no&#8221; wd_z_index=&#8221;no&#8221; woodmart_disable_overflow=&#8221;0&#8243; row_reverse_mobile=&#8221;0&#8243; row_reverse_tablet=&#8221;0&#8243;][vc_column][vc_custom_heading text=&#8221;Hizmetler&#8221; font_container=&#8221;tag:h1|font_size:44|text_align:center|color:%23ffffff&#8221; use_theme_fonts=&#8221;yes&#8221;][vc_row_inner][vc_column_inner width=&#8221;1\/6&#8243;][\/vc_column_inner][vc_column_inner width=&#8221;2\/3&#8243;][vc_column_text woodmart_color_scheme=&#8221;light&#8221; woodmart_inline=&#8221;no&#8221; text_larger=&#8221;no&#8221;]<\/p>\n<p style=\"text-align: center;\"><span style=\"color: #ffffff;\"><span style=\"font-size: 20px;\">Araba kiralama b\u00fcrosu SOT\u0130RAK\u0130S Rent a Car\u2019da m\u00fc\u015fterilerimize araba kiralama konusundaki b\u00fct\u00fcn ihtiya\u00e7lar\u0131n\u0131 kar\u015f\u0131layacak ola\u011fan\u00fcst\u00fc hizmetler vermekteyiz.<\/span><\/span><\/p>\n<p>[\/vc_column_text][\/vc_column_inner][vc_column_inner width=&#8221;1\/6&#8243;][\/vc_column_inner][\/vc_row_inner][\/vc_column][\/vc_row][vc_row][vc_column][vc_column_text woodmart_inline=&#8221;no&#8221; text_larger=&#8221;no&#8221; css=&#8221;.vc_custom_1680178968095{margin-bottom: 0px !important;padding-bottom: 10px !important;}&#8221;]<\/p>\n<h4 style=\"text-align: center;\"><strong>\u00dccretsiz olarak \u015fu hizmetleri vermekteyiz:<\/strong><\/h4>\n<p>[\/vc_column_text]\n\t\t<ul class=\" wd-rs-64257f1e406fe wd-list wd-wpb color-scheme- wd-fontsize-s wd-list-type-icon wd-list-style-default wd-justify-center \" id=\"wd-64257f1e406fe\">\n\t\t\t\t\t\t\t\t\t\t\t<li>\n\t\t\t\t\t<span class=\"list-icon fas fa-car\"><\/span>\n\t\t\t\t\t<span class=\"list-content\">Sak\u0131z adas\u0131 haritas\u0131<\/span>\n\t\t\t\t\t\t\t\t\t<\/li>\n\t\t\t\t\t\t\t\t\t\t\t<li>\n\t\t\t\t\t<span class=\"list-icon fas fa-car\"><\/span>\n\t\t\t\t\t<span class=\"list-content\">Araba ses sistemi<\/span>\n\t\t\t\t\t\t\t\t\t<\/li>\n\t\t\t\t\t\t\t\t\t\t\t<li>\n\t\t\t\t\t<span class=\"list-icon fas fa-car\"><\/span>\n\t\t\t\t\t<span class=\"list-content\">Agia Fotini plaj\u0131nda \u00f6zel park alan\u0131nda park etme imkan\u0131<\/span>\n\t\t\t\t\t\t\t\t\t<\/li>\n\t\t\t\t\t\t\t\t\t\t\t<li>\n\t\t\t\t\t<span class=\"list-icon fas fa-car\"><\/span>\n\t\t\t\t\t<span class=\"list-content\">Sak\u0131z liman\u0131 ve havaliman\u0131na gidi\u015f veya geli\u015fleri, ayn\u0131 zamanda Sak\u0131z \u015fehrinin s\u0131n\u0131rlar\u0131 i\u00e7erisinde olan otel ve pansiyonlara transfer<\/span>\n\t\t\t\t\t\t\t\t\t<\/li>\n\t\t\t\t\t\t\t\t\t\t\t<li>\n\t\t\t\t\t<span class=\"list-icon fas fa-car\"><\/span>\n\t\t\t\t\t<span class=\"list-content\">Hasarlar i\u00e7in sigorta kapsamas\u0131<\/span>\n\t\t\t\t\t\t\t\t\t<\/li>\n\t\t\t\t\t\t\t\t\t\t\t<li>\n\t\t\t\t\t<span class=\"list-icon fas fa-car\"><\/span>\n\t\t\t\t\t<span class=\"list-content\">Ciddi motor hasarlar\u0131 s\u00f6z konusu oldu\u011funda arabay\u0131 de\u011fi\u015ftirme<\/span>\n\t\t\t\t\t\t\t\t\t<\/li>\n\t\t\t\t\t\t\t\t\t\t\t<li>\n\t\t\t\t\t<span class=\"list-icon fas fa-car\"><\/span>\n\t\t\t\t\t<span class=\"list-content\">Ve \u015firket cep telefonlar\u0131n\u0131 vererek 24 saat hizmet veriyoruz<\/span>\n\t\t\t\t\t\t\t\t\t<\/li>\n\t\t\t\t\t<\/ul>\n\t\t[\/vc_column][\/vc_row][vc_row][vc_column][vc_empty_space woodmart_hide_large=&#8221;0&#8243; woodmart_hide_medium=&#8221;0&#8243; woodmart_hide_small=&#8221;0&#8243;][\/vc_column][\/vc_row][vc_row][vc_column][vc_column_text woodmart_inline=&#8221;no&#8221; text_larger=&#8221;no&#8221; css=&#8221;.vc_custom_1680179062711{margin-bottom: 0px !important;padding-bottom: 10px !important;}&#8221;]<\/p>\n<h4 style=\"text-align: center;\"><strong>Uygun fiyatlarla a\u015fa\u011f\u0131daki hizmetleri de vermekteyiz:<\/strong><\/h4>\n<p>[\/vc_column_text]\n\t\t<ul class=\" wd-rs-64257f7bb8e45 wd-list wd-wpb color-scheme- wd-fontsize-s wd-list-type-icon wd-list-style-default wd-justify-center \" id=\"wd-64257f7bb8e45\">\n\t\t\t\t\t\t\t\t\t\t\t<li>\n\t\t\t\t\t<span class=\"list-icon fas fa-car\"><\/span>\n\t\t\t\t\t<span class=\"list-content\">Bir s\u00fcr\u00fcc\u00fcn\u00fcn daha bildirilmesi<\/span>\n\t\t\t\t\t\t\t\t\t<\/li>\n\t\t\t\t\t\t\t\t\t\t\t<li>\n\t\t\t\t\t<span class=\"list-icon fas fa-car\"><\/span>\n\t\t\t\t\t<span class=\"list-content\">Her ya\u015f grubuna uygun \u00e7ocuk koltuklar\u0131<\/span>\n\t\t\t\t\t\t\t\t\t<\/li>\n\t\t\t\t\t\t\t\t\t\t\t<li>\n\t\t\t\t\t<span class=\"list-icon fas fa-car\"><\/span>\n\t\t\t\t\t<span class=\"list-content\">Kayg\u0131s\u0131z bir konaklama i\u00e7in ekstradan sigorta kapsamas\u0131<\/span>\n\t\t\t\t\t\t\t\t\t<\/li>\n\t\t\t\t\t\t\t\t\t\t\t<li>\n\t\t\t\t\t<span class=\"list-icon fas fa-car\"><\/span>\n\t\t\t\t\t<span class=\"list-content\">Arabay\u0131 herhangi bir yerde ve zamanda teslim alma ve etme\n<\/span>\n\t\t\t\t\t\t\t\t\t<\/li>\n\t\t\t\t\t<\/ul>\n\t\t[\/vc_column][\/vc_row]<\/p>\n<\/div>","protected":false},"excerpt":{"rendered":"<p>[vc_row woodmart_stretch_content=&#8221;section-stretch-content-no-pd&#8221; css=&#8221;.vc_custom_1680177703435{margin-top: -40px !important;padding-top: 200px !important;padding-bottom: 200px !important;background-image: url(https:\/\/sotirakis.biz\/wp-content\/uploads\/2023\/03\/services-sotirakis.jpg?id=7807) !important;}&#8221; woodmart_css_id=&#8221;64257a232dc9e&#8221; responsive_spacing=&#8221;eyJwYXJhbV90eXBlIjoid29vZG1hcnRfcmVzcG9uc2l2ZV9zcGFjaW5nIiwic2VsZWN0b3JfaWQiOiI2NDI1N2EyMzJkYzllIiwic2hvcnRjb2RlIjoidmNfcm93IiwiZGF0YSI6eyJ0YWJsZXQiOnt9LCJtb2JpbGUiOnt9fX0=&#8221; mobile_bg_img_hidden=&#8221;no&#8221; tablet_bg_img_hidden=&#8221;no&#8221; woodmart_parallax=&#8221;0&#8243; woodmart_gradient_switch=&#8221;no&#8221; woodmart_box_shadow=&#8221;no&#8221; wd_z_index=&#8221;no&#8221; woodmart_disable_overflow=&#8221;0&#8243;<\/p>\n","protected":false},"author":3,"featured_media":0,"parent":0,"menu_order":0,"comment_status":"closed","ping_status":"closed","template":"","meta":{"footnotes":""},"class_list":["post-40","page","type-page","status-publish","hentry"],"yoast_head":"<!-- This site is optimized with the Yoast SEO plugin v26.6 - https:\/\/yoast.com\/wordpress\/plugins\/seo\/ -->\n<title>Hizmetler - Sotirakis Rent A Car<\/title>\n<meta name=\"description\" content=\"Araba kiralama b\u00fcrosu SOT\u0130RAK\u0130S Rent a Car\u2019da m\u00fc\u015fterilerimize araba kiralama konusundaki b\u00fct\u00fcn ihtiya\u00e7lar\u0131n\u0131 kar\u015f\u0131layacak ola\u011fan\u00fcst\u00fc hizmetler\" \/>\n<meta name=\"robots\" content=\"index, follow, max-snippet:-1, max-image-preview:large, max-video-preview:-1\" \/>\n<link rel=\"canonical\" href=\"https:\/\/sotirakis.biz\/tr\/hizmetler\/\" \/>\n<meta property=\"og:locale\" content=\"tr_TR\" \/>\n<meta property=\"og:type\" content=\"article\" \/>\n<meta property=\"og:title\" content=\"Hizmetler - Sotirakis Rent A Car\" \/>\n<meta property=\"og:description\" content=\"Araba kiralama b\u00fcrosu SOT\u0130RAK\u0130S Rent a Car\u2019da m\u00fc\u015fterilerimize araba kiralama konusundaki b\u00fct\u00fcn ihtiya\u00e7lar\u0131n\u0131 kar\u015f\u0131layacak ola\u011fan\u00fcst\u00fc hizmetler\" \/>\n<meta property=\"og:url\" content=\"https:\/\/sotirakis.biz\/tr\/hizmetler\/\" \/>\n<meta property=\"og:site_name\" content=\"Sotirakis Rent A Car\" \/>\n<meta property=\"article:modified_time\" content=\"2023-03-30T12:25:15+00:00\" \/>\n<meta name=\"twitter:label1\" content=\"Est. reading time\" \/>\n\t<meta name=\"twitter:data1\" content=\"2 minutes\" \/>\n<script type=\"application\/ld+json\" class=\"yoast-schema-graph\">{\"@context\":\"https:\/\/schema.org\",\"@graph\":[{\"@type\":\"WebPage\",\"@id\":\"https:\/\/sotirakis.biz\/tr\/hizmetler\/\",\"url\":\"https:\/\/sotirakis.biz\/tr\/hizmetler\/\",\"name\":\"Hizmetler - Sotirakis Rent A Car\",\"isPartOf\":{\"@id\":\"https:\/\/sotirakis.biz\/tr\/#website\"},\"datePublished\":\"2014-03-08T11:20:01+00:00\",\"dateModified\":\"2023-03-30T12:25:15+00:00\",\"description\":\"Araba kiralama b\u00fcrosu SOT\u0130RAK\u0130S Rent a Car\u2019da m\u00fc\u015fterilerimize araba kiralama konusundaki b\u00fct\u00fcn ihtiya\u00e7lar\u0131n\u0131 kar\u015f\u0131layacak ola\u011fan\u00fcst\u00fc hizmetler\",\"breadcrumb\":{\"@id\":\"https:\/\/sotirakis.biz\/tr\/hizmetler\/#breadcrumb\"},\"inLanguage\":\"tr\",\"potentialAction\":[{\"@type\":\"ReadAction\",\"target\":[\"https:\/\/sotirakis.biz\/tr\/hizmetler\/\"]}]},{\"@type\":\"BreadcrumbList\",\"@id\":\"https:\/\/sotirakis.biz\/tr\/hizmetler\/#breadcrumb\",\"itemListElement\":[{\"@type\":\"ListItem\",\"position\":1,\"name\":\"Home\",\"item\":\"https:\/\/sotirakis.biz\/tr\/\"},{\"@type\":\"ListItem\",\"position\":2,\"name\":\"Hizmetler\"}]},{\"@type\":\"WebSite\",\"@id\":\"https:\/\/sotirakis.biz\/tr\/#website\",\"url\":\"https:\/\/sotirakis.biz\/tr\/\",\"name\":\"Sotirakis Rent A Car\",\"description\":\"Sak\u0131z Oto Kiralama\",\"potentialAction\":[{\"@type\":\"SearchAction\",\"target\":{\"@type\":\"EntryPoint\",\"urlTemplate\":\"https:\/\/sotirakis.biz\/tr\/?s={search_term_string}\"},\"query-input\":{\"@type\":\"PropertyValueSpecification\",\"valueRequired\":true,\"valueName\":\"search_term_string\"}}],\"inLanguage\":\"tr\"}]}<\/script>\n<!-- \/ Yoast SEO plugin. -->","yoast_head_json":{"title":"Hizmetler - Sotirakis Rent A Car","description":"Araba kiralama b\u00fcrosu SOT\u0130RAK\u0130S Rent a Car\u2019da m\u00fc\u015fterilerimize araba kiralama konusundaki b\u00fct\u00fcn ihtiya\u00e7lar\u0131n\u0131 kar\u015f\u0131layacak ola\u011fan\u00fcst\u00fc hizmetler","robots":{"index":"index","follow":"follow","max-snippet":"max-snippet:-1","max-image-preview":"max-image-preview:large","max-video-preview":"max-video-preview:-1"},"canonical":"https:\/\/sotirakis.biz\/tr\/hizmetler\/","og_locale":"tr_TR","og_type":"article","og_title":"Hizmetler - Sotirakis Rent A Car","og_description":"Araba kiralama b\u00fcrosu SOT\u0130RAK\u0130S Rent a Car\u2019da m\u00fc\u015fterilerimize araba kiralama konusundaki b\u00fct\u00fcn ihtiya\u00e7lar\u0131n\u0131 kar\u015f\u0131layacak ola\u011fan\u00fcst\u00fc hizmetler","og_url":"https:\/\/sotirakis.biz\/tr\/hizmetler\/","og_site_name":"Sotirakis Rent A Car","article_modified_time":"2023-03-30T12:25:15+00:00","twitter_misc":{"Est. reading time":"2 minutes"},"schema":{"@context":"https:\/\/schema.org","@graph":[{"@type":"WebPage","@id":"https:\/\/sotirakis.biz\/tr\/hizmetler\/","url":"https:\/\/sotirakis.biz\/tr\/hizmetler\/","name":"Hizmetler - Sotirakis Rent A Car","isPartOf":{"@id":"https:\/\/sotirakis.biz\/tr\/#website"},"datePublished":"2014-03-08T11:20:01+00:00","dateModified":"2023-03-30T12:25:15+00:00","description":"Araba kiralama b\u00fcrosu SOT\u0130RAK\u0130S Rent a Car\u2019da m\u00fc\u015fterilerimize araba kiralama konusundaki b\u00fct\u00fcn ihtiya\u00e7lar\u0131n\u0131 kar\u015f\u0131layacak ola\u011fan\u00fcst\u00fc hizmetler","breadcrumb":{"@id":"https:\/\/sotirakis.biz\/tr\/hizmetler\/#breadcrumb"},"inLanguage":"tr","potentialAction":[{"@type":"ReadAction","target":["https:\/\/sotirakis.biz\/tr\/hizmetler\/"]}]},{"@type":"BreadcrumbList","@id":"https:\/\/sotirakis.biz\/tr\/hizmetler\/#breadcrumb","itemListElement":[{"@type":"ListItem","position":1,"name":"Home","item":"https:\/\/sotirakis.biz\/tr\/"},{"@type":"ListItem","position":2,"name":"Hizmetler"}]},{"@type":"WebSite","@id":"https:\/\/sotirakis.biz\/tr\/#website","url":"https:\/\/sotirakis.biz\/tr\/","name":"Sotirakis Rent A Car","description":"Sak\u0131z Oto Kiralama","potentialAction":[{"@type":"SearchAction","target":{"@type":"EntryPoint","urlTemplate":"https:\/\/sotirakis.biz\/tr\/?s={search_term_string}"},"query-input":{"@type":"PropertyValueSpecification","valueRequired":true,"valueName":"search_term_string"}}],"inLanguage":"tr"}]}},"_links":{"self":[{"href":"https:\/\/sotirakis.biz\/tr\/wp-json\/wp\/v2\/pages\/40","targetHints":{"allow":["GET"]}}],"collection":[{"href":"https:\/\/sotirakis.biz\/tr\/wp-json\/wp\/v2\/pages"}],"about":[{"href":"https:\/\/sotirakis.biz\/tr\/wp-json\/wp\/v2\/types\/page"}],"author":[{"embeddable":true,"href":"https:\/\/sotirakis.biz\/tr\/wp-json\/wp\/v2\/users\/3"}],"replies":[{"embeddable":true,"href":"https:\/\/sotirakis.biz\/tr\/wp-json\/wp\/v2\/comments?post=40"}],"version-history":[{"count":2,"href":"https:\/\/sotirakis.biz\/tr\/wp-json\/wp\/v2\/pages\/40\/revisions"}],"predecessor-version":[{"id":7827,"href":"https:\/\/sotirakis.biz\/tr\/wp-json\/wp\/v2\/pages\/40\/revisions\/7827"}],"wp:attachment":[{"href":"https:\/\/sotirakis.biz\/tr\/wp-json\/wp\/v2\/media?parent=40"}],"curies":[{"name":"wp","href":"https:\/\/api.w.org\/{rel}","templated":true}]}}