{"id":46,"date":"2014-03-08T11:24:47","date_gmt":"2014-03-08T11:24:47","guid":{"rendered":"http:\/\/www.sotirakis.biz\/?page_id=46"},"modified":"2023-05-10T11:54:26","modified_gmt":"2023-05-10T09:54:26","slug":"fiyat-listesi","status":"publish","type":"page","link":"https:\/\/sotirakis.biz\/tr\/fiyat-listesi\/","title":{"rendered":"Fiyat Listesi"},"content":{"rendered":"<div class=\"wpb-content-wrapper\"><p>[vc_row woodmart_stretch_content=&#8221;section-stretch-content-no-pd&#8221; css=&#8221;.vc_custom_1680182994707{margin-top: -40px !important;padding-top: 220px !important;padding-bottom: 220px !important;background-image: url(https:\/\/sotirakis.biz\/wp-content\/uploads\/2023\/03\/price-list-sotirakis.jpg?id=7838) !important;}&#8221; woodmart_css_id=&#8221;64258ea860470&#8243; responsive_spacing=&#8221;eyJwYXJhbV90eXBlIjoid29vZG1hcnRfcmVzcG9uc2l2ZV9zcGFjaW5nIiwic2VsZWN0b3JfaWQiOiI2NDI1OGVhODYwNDcwIiwic2hvcnRjb2RlIjoidmNfcm93IiwiZGF0YSI6eyJ0YWJsZXQiOnt9LCJtb2JpbGUiOnt9fX0=&#8221; mobile_bg_img_hidden=&#8221;no&#8221; tablet_bg_img_hidden=&#8221;no&#8221; woodmart_parallax=&#8221;0&#8243; woodmart_gradient_switch=&#8221;no&#8221; woodmart_box_shadow=&#8221;no&#8221; wd_z_index=&#8221;no&#8221; woodmart_disable_overflow=&#8221;0&#8243; row_reverse_mobile=&#8221;0&#8243; row_reverse_tablet=&#8221;0&#8243;][vc_column][vc_custom_heading text=&#8221;Fiyat Listesi&#8221; font_container=&#8221;tag:h1|font_size:44|text_align:center|color:%23ffffff&#8221; use_theme_fonts=&#8221;yes&#8221;][\/vc_column][\/vc_row][vc_row][vc_column][vc_column_text woodmart_inline=&#8221;no&#8221; text_larger=&#8221;no&#8221;]Temel kiralama fiyatlar\u0131 100 kilometre limitlidir ve 100 kilometreden sonra her kilometre ba\u015f\u0131na 0,30euro ile 0,50euro aras\u0131nda (araban\u0131n modeline ve sezona g\u00f6re) \u00fccret talep edilmektedir. 3 g\u00fcn ve \u00fczeri kiralamalar ve fiyatlar i\u00e7in herhangi bir kilometre s\u0131n\u0131r\u0131 olmamaktad\u0131r.<\/p>\n<p>Fiyatlar euro \u00fczerindendir. ABD dolar\u0131 ve \u0130ngiliz sterlini olan fiyatlar g\u00fcnl\u00fck oranlara g\u00f6re yap\u0131lm\u0131\u015ft\u0131r ve ziyaret\u00e7ilerimize kolayl\u0131k sa\u011flayabilmesi i\u00e7in g\u00f6sterge niteli\u011findedir. \u00d6deme sadece euro ile yap\u0131lmaktad\u0131r.<\/p>\n<p>Temel fiyat \u00fc\u00e7\u00fcnc\u00fc sigorta i\u00e7ermektedir.<\/p>\n<p>Detayl\u0131 olarak temel \u00fccretin d\u0131\u015f\u0131ndaki masraflar \u015f\u00f6yledir:[\/vc_column_text][\/vc_column][\/vc_row][vc_row][vc_column][vc_custom_heading text=&#8221;Fazladan Sigorta&#8221; font_container=&#8221;tag:h3|text_align:left&#8221; use_theme_fonts=&#8221;yes&#8221;]\t\t\t<div class=\"wd-menu-price wd-wpb  \" >\n\t\t\t\t\t\t\t\t<div class=\"menu-price-desc-wrapp\">\n\t\t\t\t\t<div class=\"menu-price-heading\">\n\t\t\t\t\t\t\t\t\t\t\t\t\t<h3 class=\"menu-price-title wd-entities-title\"><span>C.D.W.<\/span><\/h3>\n\t\t\t\t\t\t\t\t\t\t\t\t<div class=\"menu-price-price price\">G\u00fcnl\u00fck 0 euro<\/div>\n\t\t\t\t\t<\/div>\n\t\t\t\t\t\t\t\t\t\t\t<div class=\"menu-price-details\">700 euro dan muafiyet ile araba hasarlar\u0131n\u0131n kapsanmas\u0131 dahilinde<\/div>\n\t\t\t\t\t\t\t\t\t<\/div>\n\t\t\t<\/div>\n\t\t\t\t\t<div class=\"wd-menu-price wd-wpb  \" >\n\t\t\t\t\t\t\t\t<div class=\"menu-price-desc-wrapp\">\n\t\t\t\t\t<div class=\"menu-price-heading\">\n\t\t\t\t\t\t\t\t\t\t\t\t\t<h3 class=\"menu-price-title wd-entities-title\"><span>F.D.W.<\/span><\/h3>\n\t\t\t\t\t\t\t\t\t\t\t\t<div class=\"menu-price-price price\">G\u00fcnde 7 euro<\/div>\n\t\t\t\t\t<\/div>\n\t\t\t\t\t\t\t\t\t\t\t<div class=\"menu-price-details\">290 euro dan muafiyet ile araba hasarlar\u0131n\u0131n kapsanmas\u0131 dahilinde<\/div>\n\t\t\t\t\t\t\t\t\t<\/div>\n\t\t\t<\/div>\n\t\t\t\t\t<div class=\"wd-menu-price wd-wpb  \" >\n\t\t\t\t\t\t\t\t<div class=\"menu-price-desc-wrapp\">\n\t\t\t\t\t<div class=\"menu-price-heading\">\n\t\t\t\t\t\t\t\t\t\t\t\t\t<h3 class=\"menu-price-title wd-entities-title\"><span>P.A.I.<\/span><\/h3>\n\t\t\t\t\t\t\t\t\t\t\t\t<div class=\"menu-price-price price\">4 euro<\/div>\n\t\t\t\t\t<\/div>\n\t\t\t\t\t\t\t\t\t\t\t<div class=\"menu-price-details\">Ki\u015fisel sigorta<\/div>\n\t\t\t\t\t\t\t\t\t<\/div>\n\t\t\t<\/div>\n\t\t\t\t\t<div class=\"wd-menu-price wd-wpb  \" >\n\t\t\t\t\t\t\t\t<div class=\"menu-price-desc-wrapp\">\n\t\t\t\t\t<div class=\"menu-price-heading\">\n\t\t\t\t\t\t\t\t\t\t\t\t\t<h3 class=\"menu-price-title wd-entities-title\"><span>W.U.G.<\/span><\/h3>\n\t\t\t\t\t\t\t\t\t\t\t\t<div class=\"menu-price-price price\">G\u00fcnl\u00fck 7,50 euro<\/div>\n\t\t\t\t\t<\/div>\n\t\t\t\t\t\t\t\t\t\t\t<div class=\"menu-price-details\">Cam k\u0131r\u0131lmalar\u0131na kar\u015f\u0131 araban\u0131n sigortalanmas\u0131<\/div>\n\t\t\t\t\t\t\t\t\t<\/div>\n\t\t\t<\/div>\n\t\t\t\t\t<div class=\"wd-menu-price wd-wpb  \" >\n\t\t\t\t\t\t\t\t<div class=\"menu-price-desc-wrapp\">\n\t\t\t\t\t<div class=\"menu-price-heading\">\n\t\t\t\t\t\t\t\t\t\t\t\t\t<h3 class=\"menu-price-title wd-entities-title\"><span>Araban\u0131n bindirilmesi<\/span><\/h3>\n\t\t\t\t\t\t\t\t\t\t\t\t<div class=\"menu-price-price price\">69,60 euro<\/div>\n\t\t\t\t\t<\/div>\n\t\t\t\t\t\t\t\t\t\t\t<div class=\"menu-price-details\">Araban\u0131n ferry boat\u2019a bindirilmesi<\/div>\n\t\t\t\t\t\t\t\t\t<\/div>\n\t\t\t<\/div>\n\t\t[\/vc_column][\/vc_row][vc_row][vc_column][vc_empty_space height=&#8221;40px&#8221; woodmart_hide_large=&#8221;0&#8243; woodmart_hide_medium=&#8221;0&#8243; woodmart_hide_small=&#8221;0&#8243;][\/vc_column][\/vc_row][vc_row][vc_column][vc_custom_heading text=&#8221;Fazladan masraflar&#8221; font_container=&#8221;tag:h3|text_align:left&#8221; use_theme_fonts=&#8221;yes&#8221;]\t\t\t<div class=\"wd-menu-price wd-wpb  \" >\n\t\t\t\t\t\t\t\t<div class=\"menu-price-desc-wrapp\">\n\t\t\t\t\t<div class=\"menu-price-heading\">\n\t\t\t\t\t\t\t\t\t\t\t\t\t<h3 class=\"menu-price-title wd-entities-title\"><span>\u0130kinci \u015f\u00f6f\u00f6r\u00fcn bildirilmesi<\/span><\/h3>\n\t\t\t\t\t\t\t\t\t\t\t\t<div class=\"menu-price-price price\">G\u00fcnl\u00fck 3,12 euro<\/div>\n\t\t\t\t\t<\/div>\n\t\t\t\t\t\t\t\t\t<\/div>\n\t\t\t<\/div>\n\t\t[vc_empty_space height=&#8221;10px&#8221; woodmart_hide_large=&#8221;0&#8243; woodmart_hide_medium=&#8221;0&#8243; woodmart_hide_small=&#8221;0&#8243;]\t\t\t<div class=\"wd-menu-price wd-wpb  \" >\n\t\t\t\t\t\t\t\t<div class=\"menu-price-desc-wrapp\">\n\t\t\t\t\t<div class=\"menu-price-heading\">\n\t\t\t\t\t\t\t\t\t\t\t\t\t<h3 class=\"menu-price-title wd-entities-title\"><span>\u00c7ocuk koltu\u011fu<\/span><\/h3>\n\t\t\t\t\t\t\t\t\t\t\t\t<div class=\"menu-price-price price\">G\u00fcnl\u00fck 3,18 euro<\/div>\n\t\t\t\t\t<\/div>\n\t\t\t\t\t\t\t\t\t<\/div>\n\t\t\t<\/div>\n\t\t[vc_empty_space height=&#8221;10px&#8221; woodmart_hide_large=&#8221;0&#8243; woodmart_hide_medium=&#8221;0&#8243; woodmart_hide_small=&#8221;0&#8243;]\t\t\t<div class=\"wd-menu-price wd-wpb  \" >\n\t\t\t\t\t\t\t\t<div class=\"menu-price-desc-wrapp\">\n\t\t\t\t\t<div class=\"menu-price-heading\">\n\t\t\t\t\t\t\t\t\t\t\t\t\t<h3 class=\"menu-price-title wd-entities-title\"><span>Sak\u0131z \u015fehrinden 15 kilometreden uzak bir yerden teslim etme- alma<\/span><\/h3>\n\t\t\t\t\t\t\t\t\t\t\t\t<div class=\"menu-price-price price\">24,80 euro<\/div>\n\t\t\t\t\t<\/div>\n\t\t\t\t\t\t\t\t\t<\/div>\n\t\t\t<\/div>\n\t\t[vc_empty_space height=&#8221;10px&#8221; woodmart_hide_large=&#8221;0&#8243; woodmart_hide_medium=&#8221;0&#8243; woodmart_hide_small=&#8221;0&#8243;]\t\t\t<div class=\"wd-menu-price wd-wpb  \" >\n\t\t\t\t\t\t\t\t<div class=\"menu-price-desc-wrapp\">\n\t\t\t\t\t<div class=\"menu-price-heading\">\n\t\t\t\t\t\t\t\t\t\t\t\t\t<h3 class=\"menu-price-title wd-entities-title\"><span>B\u00fcro \u00e7al\u0131\u015fma saatleri d\u0131\u015f\u0131nda teslim etme- alma<\/span><\/h3>\n\t\t\t\t\t\t\t\t\t\t\t\t<div class=\"menu-price-price price\">25 euro<\/div>\n\t\t\t\t\t<\/div>\n\t\t\t\t\t\t\t\t\t<\/div>\n\t\t\t<\/div>\n\t\t[\/vc_column][\/vc_row][vc_row][vc_column][vc_empty_space woodmart_hide_large=&#8221;0&#8243; woodmart_hide_medium=&#8221;0&#8243; woodmart_hide_small=&#8221;0&#8243;][\/vc_column][\/vc_row][vc_row][vc_column][vc_column_text woodmart_inline=&#8221;no&#8221; text_larger=&#8221;no&#8221;]*\u0130nternet sitemizde bulunan t\u00fcm fiyatlar %17 vergi \u00fccretini de i\u00e7ermektedir ve internet sitesinde herhangi bir g\u00fcncelleme yapmadan zorunluluk dahilinde de\u011fi\u015febilir. Son fiyat size, rezervasyon iste\u011finizi bildirdi\u011finizde verece\u011finiz elektronik posta adresine g\u00f6nderece\u011fimiz rezervasyon onay\u0131nda bulunmaktad\u0131r.[\/vc_column_text][\/vc_column][\/vc_row][vc_row disable_element=&#8221;yes&#8221; woodmart_css_id=&#8221;642593f1a6d4c&#8221; responsive_spacing=&#8221;eyJwYXJhbV90eXBlIjoid29vZG1hcnRfcmVzcG9uc2l2ZV9zcGFjaW5nIiwic2VsZWN0b3JfaWQiOiI2NDI1OTNmMWE2ZDRjIiwic2hvcnRjb2RlIjoidmNfcm93IiwiZGF0YSI6eyJ0YWJsZXQiOnt9LCJtb2JpbGUiOnt9fX0=&#8221; mobile_bg_img_hidden=&#8221;no&#8221; tablet_bg_img_hidden=&#8221;no&#8221; woodmart_parallax=&#8221;0&#8243; woodmart_gradient_switch=&#8221;no&#8221; woodmart_box_shadow=&#8221;no&#8221; wd_z_index=&#8221;no&#8221; woodmart_disable_overflow=&#8221;0&#8243; row_reverse_mobile=&#8221;0&#8243; row_reverse_tablet=&#8221;0&#8243;][vc_column][vc_column_text]Temel kiralama fiyatlar\u0131 100 kilometre limitlidir ve 100 kilometreden sonra her kilometre ba\u015f\u0131na 0,30euro ile 0,50euro aras\u0131nda (araban\u0131n modeline ve sezona g\u00f6re) \u00fccret talep edilmektedir. 3 g\u00fcn ve \u00fczeri kiralamalar ve fiyatlar i\u00e7in herhangi bir kilometre s\u0131n\u0131r\u0131 olmamaktad\u0131r.<\/p>\n<p>Fiyatlar euro \u00fczerindendir. ABD dolar\u0131 ve \u0130ngiliz sterlini olan fiyatlar g\u00fcnl\u00fck oranlara g\u00f6re yap\u0131lm\u0131\u015ft\u0131r ve ziyaret\u00e7ilerimize kolayl\u0131k sa\u011flayabilmesi i\u00e7in g\u00f6sterge niteli\u011findedir. \u00d6deme sadece euro ile yap\u0131lmaktad\u0131r.<\/p>\n<p>Temel fiyat \u00fc\u00e7\u00fcnc\u00fc sigorta i\u00e7ermektedir.<\/p>\n<p>Detayl\u0131 olarak temel \u00fccretin d\u0131\u015f\u0131ndaki masraflar \u015f\u00f6yledir:<\/p>\n<h5>Fazladan Sigorta<\/h5>\n<p><strong>C.D.W<\/strong> &#8211; 500 euro dan muafiyet ile araba hasarlar\u0131n\u0131n kapsanmas\u0131 dahilinde: G\u00fcnl\u00fck 7 euro<\/p>\n<p><strong>F.D.W<\/strong> &#8211; \u00dccret muafiyetsiz araba hasarlar\u0131n\u0131n kapsamas\u0131: G\u00fcnde 7 euro<\/p>\n<p><strong>P.A.I<\/strong> &#8211; Ki\u015fisel sigorta: 4 euro<\/p>\n<p><strong>W.U.G<\/strong> &#8211; Cam k\u0131r\u0131lmalar\u0131na kar\u015f\u0131 araban\u0131n sigortalanmas\u0131: G\u00fcnl\u00fck 7,50 euro<\/p>\n<p>Araban\u0131n ferry boat\u2019a bindirilmesi: 69,60 euro<\/p>\n<h5>Fazladan masraflar<\/h5>\n<p><strong>\u0130kinci \u015f\u00f6f\u00f6r\u00fcn bildirilmesi:<\/strong> G\u00fcnl\u00fck 3,12 euro<\/p>\n<p><strong>\u00c7ocuk koltu\u011fu:<\/strong> G\u00fcnl\u00fck 3,18 euro<\/p>\n<p>Sak\u0131z \u015fehrinden <strong>15 kilometreden<\/strong> uzak bir yerden teslim etme- alma: 24,80 euro<\/p>\n<p>B\u00fcro \u00e7al\u0131\u015fma saatleri d\u0131\u015f\u0131nda teslim etme- alma: 25 euro<\/p>\n<p>*\u0130nternet sitemizde bulunan t\u00fcm fiyatlar %17 vergi \u00fccretini de i\u00e7ermektedir ve internet sitesinde herhangi bir g\u00fcncelleme yapmadan zorunluluk dahilinde de\u011fi\u015febilir. Son fiyat size, rezervasyon iste\u011finizi bildirdi\u011finizde verece\u011finiz elektronik posta adresine g\u00f6nderece\u011fimiz rezervasyon onay\u0131nda bulunmaktad\u0131r.[\/vc_column_text][\/vc_column][\/vc_row]<\/p>\n<\/div>","protected":false},"excerpt":{"rendered":"<p>[vc_row woodmart_stretch_content=&#8221;section-stretch-content-no-pd&#8221; css=&#8221;.vc_custom_1680182994707{margin-top: -40px !important;padding-top: 220px !important;padding-bottom: 220px !important;background-image: url(https:\/\/sotirakis.biz\/wp-content\/uploads\/2023\/03\/price-list-sotirakis.jpg?id=7838) !important;}&#8221; woodmart_css_id=&#8221;64258ea860470&#8243; responsive_spacing=&#8221;eyJwYXJhbV90eXBlIjoid29vZG1hcnRfcmVzcG9uc2l2ZV9zcGFjaW5nIiwic2VsZWN0b3JfaWQiOiI2NDI1OGVhODYwNDcwIiwic2hvcnRjb2RlIjoidmNfcm93IiwiZGF0YSI6eyJ0YWJsZXQiOnt9LCJtb2JpbGUiOnt9fX0=&#8221; mobile_bg_img_hidden=&#8221;no&#8221; tablet_bg_img_hidden=&#8221;no&#8221; woodmart_parallax=&#8221;0&#8243; woodmart_gradient_switch=&#8221;no&#8221; woodmart_box_shadow=&#8221;no&#8221; wd_z_index=&#8221;no&#8221; woodmart_disable_overflow=&#8221;0&#8243;<\/p>\n","protected":false},"author":3,"featured_media":0,"parent":0,"menu_order":0,"comment_status":"closed","ping_status":"closed","template":"","meta":{"footnotes":""},"class_list":["post-46","page","type-page","status-publish","hentry"],"yoast_head":"<!-- This site is optimized with the Yoast SEO plugin v26.6 - https:\/\/yoast.com\/wordpress\/plugins\/seo\/ -->\n<title>Fiyat Listesi - Sotirakis Rent A Car<\/title>\n<meta name=\"description\" content=\"Temel kiralama fiyatlar\u0131 100 kilometre limitlidir ve 100 kilometreden sonra her kilometre ba\u015f\u0131na 0,30euro ile 0,50euro aras\u0131nda (araban\u0131n modeline ve\" \/>\n<meta name=\"robots\" content=\"index, follow, max-snippet:-1, max-image-preview:large, max-video-preview:-1\" \/>\n<link rel=\"canonical\" href=\"https:\/\/sotirakis.biz\/tr\/fiyat-listesi\/\" \/>\n<meta property=\"og:locale\" content=\"tr_TR\" \/>\n<meta property=\"og:type\" content=\"article\" \/>\n<meta property=\"og:title\" content=\"Fiyat Listesi - Sotirakis Rent A Car\" \/>\n<meta property=\"og:description\" content=\"Temel kiralama fiyatlar\u0131 100 kilometre limitlidir ve 100 kilometreden sonra her kilometre ba\u015f\u0131na 0,30euro ile 0,50euro aras\u0131nda (araban\u0131n modeline ve\" \/>\n<meta property=\"og:url\" content=\"https:\/\/sotirakis.biz\/tr\/fiyat-listesi\/\" \/>\n<meta property=\"og:site_name\" content=\"Sotirakis Rent A Car\" \/>\n<meta property=\"article:modified_time\" content=\"2023-05-10T09:54:26+00:00\" \/>\n<meta name=\"twitter:label1\" content=\"Est. reading time\" \/>\n\t<meta name=\"twitter:data1\" content=\"3 minutes\" \/>\n<script type=\"application\/ld+json\" class=\"yoast-schema-graph\">{\"@context\":\"https:\/\/schema.org\",\"@graph\":[{\"@type\":\"WebPage\",\"@id\":\"https:\/\/sotirakis.biz\/tr\/fiyat-listesi\/\",\"url\":\"https:\/\/sotirakis.biz\/tr\/fiyat-listesi\/\",\"name\":\"Fiyat Listesi - Sotirakis Rent A Car\",\"isPartOf\":{\"@id\":\"https:\/\/sotirakis.biz\/tr\/#website\"},\"datePublished\":\"2014-03-08T11:24:47+00:00\",\"dateModified\":\"2023-05-10T09:54:26+00:00\",\"description\":\"Temel kiralama fiyatlar\u0131 100 kilometre limitlidir ve 100 kilometreden sonra her kilometre ba\u015f\u0131na 0,30euro ile 0,50euro aras\u0131nda (araban\u0131n modeline ve\",\"breadcrumb\":{\"@id\":\"https:\/\/sotirakis.biz\/tr\/fiyat-listesi\/#breadcrumb\"},\"inLanguage\":\"tr\",\"potentialAction\":[{\"@type\":\"ReadAction\",\"target\":[\"https:\/\/sotirakis.biz\/tr\/fiyat-listesi\/\"]}]},{\"@type\":\"BreadcrumbList\",\"@id\":\"https:\/\/sotirakis.biz\/tr\/fiyat-listesi\/#breadcrumb\",\"itemListElement\":[{\"@type\":\"ListItem\",\"position\":1,\"name\":\"Home\",\"item\":\"https:\/\/sotirakis.biz\/tr\/\"},{\"@type\":\"ListItem\",\"position\":2,\"name\":\"Fiyat Listesi\"}]},{\"@type\":\"WebSite\",\"@id\":\"https:\/\/sotirakis.biz\/tr\/#website\",\"url\":\"https:\/\/sotirakis.biz\/tr\/\",\"name\":\"Sotirakis Rent A Car\",\"description\":\"Sak\u0131z Oto Kiralama\",\"potentialAction\":[{\"@type\":\"SearchAction\",\"target\":{\"@type\":\"EntryPoint\",\"urlTemplate\":\"https:\/\/sotirakis.biz\/tr\/?s={search_term_string}\"},\"query-input\":{\"@type\":\"PropertyValueSpecification\",\"valueRequired\":true,\"valueName\":\"search_term_string\"}}],\"inLanguage\":\"tr\"}]}<\/script>\n<!-- \/ Yoast SEO plugin. -->","yoast_head_json":{"title":"Fiyat Listesi - Sotirakis Rent A Car","description":"Temel kiralama fiyatlar\u0131 100 kilometre limitlidir ve 100 kilometreden sonra her kilometre ba\u015f\u0131na 0,30euro ile 0,50euro aras\u0131nda (araban\u0131n modeline ve","robots":{"index":"index","follow":"follow","max-snippet":"max-snippet:-1","max-image-preview":"max-image-preview:large","max-video-preview":"max-video-preview:-1"},"canonical":"https:\/\/sotirakis.biz\/tr\/fiyat-listesi\/","og_locale":"tr_TR","og_type":"article","og_title":"Fiyat Listesi - Sotirakis Rent A Car","og_description":"Temel kiralama fiyatlar\u0131 100 kilometre limitlidir ve 100 kilometreden sonra her kilometre ba\u015f\u0131na 0,30euro ile 0,50euro aras\u0131nda (araban\u0131n modeline ve","og_url":"https:\/\/sotirakis.biz\/tr\/fiyat-listesi\/","og_site_name":"Sotirakis Rent A Car","article_modified_time":"2023-05-10T09:54:26+00:00","twitter_misc":{"Est. reading time":"3 minutes"},"schema":{"@context":"https:\/\/schema.org","@graph":[{"@type":"WebPage","@id":"https:\/\/sotirakis.biz\/tr\/fiyat-listesi\/","url":"https:\/\/sotirakis.biz\/tr\/fiyat-listesi\/","name":"Fiyat Listesi - Sotirakis Rent A Car","isPartOf":{"@id":"https:\/\/sotirakis.biz\/tr\/#website"},"datePublished":"2014-03-08T11:24:47+00:00","dateModified":"2023-05-10T09:54:26+00:00","description":"Temel kiralama fiyatlar\u0131 100 kilometre limitlidir ve 100 kilometreden sonra her kilometre ba\u015f\u0131na 0,30euro ile 0,50euro aras\u0131nda (araban\u0131n modeline ve","breadcrumb":{"@id":"https:\/\/sotirakis.biz\/tr\/fiyat-listesi\/#breadcrumb"},"inLanguage":"tr","potentialAction":[{"@type":"ReadAction","target":["https:\/\/sotirakis.biz\/tr\/fiyat-listesi\/"]}]},{"@type":"BreadcrumbList","@id":"https:\/\/sotirakis.biz\/tr\/fiyat-listesi\/#breadcrumb","itemListElement":[{"@type":"ListItem","position":1,"name":"Home","item":"https:\/\/sotirakis.biz\/tr\/"},{"@type":"ListItem","position":2,"name":"Fiyat Listesi"}]},{"@type":"WebSite","@id":"https:\/\/sotirakis.biz\/tr\/#website","url":"https:\/\/sotirakis.biz\/tr\/","name":"Sotirakis Rent A Car","description":"Sak\u0131z Oto Kiralama","potentialAction":[{"@type":"SearchAction","target":{"@type":"EntryPoint","urlTemplate":"https:\/\/sotirakis.biz\/tr\/?s={search_term_string}"},"query-input":{"@type":"PropertyValueSpecification","valueRequired":true,"valueName":"search_term_string"}}],"inLanguage":"tr"}]}},"_links":{"self":[{"href":"https:\/\/sotirakis.biz\/tr\/wp-json\/wp\/v2\/pages\/46","targetHints":{"allow":["GET"]}}],"collection":[{"href":"https:\/\/sotirakis.biz\/tr\/wp-json\/wp\/v2\/pages"}],"about":[{"href":"https:\/\/sotirakis.biz\/tr\/wp-json\/wp\/v2\/types\/page"}],"author":[{"embeddable":true,"href":"https:\/\/sotirakis.biz\/tr\/wp-json\/wp\/v2\/users\/3"}],"replies":[{"embeddable":true,"href":"https:\/\/sotirakis.biz\/tr\/wp-json\/wp\/v2\/comments?post=46"}],"version-history":[{"count":5,"href":"https:\/\/sotirakis.biz\/tr\/wp-json\/wp\/v2\/pages\/46\/revisions"}],"predecessor-version":[{"id":8129,"href":"https:\/\/sotirakis.biz\/tr\/wp-json\/wp\/v2\/pages\/46\/revisions\/8129"}],"wp:attachment":[{"href":"https:\/\/sotirakis.biz\/tr\/wp-json\/wp\/v2\/media?parent=46"}],"curies":[{"name":"wp","href":"https:\/\/api.w.org\/{rel}","templated":true}]}}