{"id":58,"date":"2014-03-08T11:47:58","date_gmt":"2014-03-08T11:47:58","guid":{"rendered":"http:\/\/www.sotirakis.biz\/?page_id=58"},"modified":"2023-03-31T11:07:27","modified_gmt":"2023-03-31T09:07:27","slug":"kullanim-kosullari","status":"publish","type":"page","link":"https:\/\/sotirakis.biz\/tr\/kullanim-kosullari\/","title":{"rendered":"Kullan\u0131m Ko\u015fullar\u0131"},"content":{"rendered":"<div class=\"wpb-content-wrapper\"><p>[vc_row woodmart_stretch_content=&#8221;section-stretch-content-no-pd&#8221; css=&#8221;.vc_custom_1680246748124{margin-top: -40px !important;padding-top: 300px !important;padding-bottom: 300px !important;background-image: url(https:\/\/sotirakis.biz\/wp-content\/uploads\/2023\/03\/sotiraki-\u038c\u03c1\u03bf\u03b9-\u03a7\u03c1\u03ae\u03c3\u03b7\u03c2.jpg?id=7846) !important;}&#8221; woodmart_css_id=&#8221;642687b06b0bb&#8221; responsive_spacing=&#8221;eyJwYXJhbV90eXBlIjoid29vZG1hcnRfcmVzcG9uc2l2ZV9zcGFjaW5nIiwic2VsZWN0b3JfaWQiOiI2NDI2ODdiMDZiMGJiIiwic2hvcnRjb2RlIjoidmNfcm93IiwiZGF0YSI6eyJ0YWJsZXQiOnt9LCJtb2JpbGUiOnt9fX0=&#8221; mobile_bg_img_hidden=&#8221;no&#8221; tablet_bg_img_hidden=&#8221;no&#8221; woodmart_parallax=&#8221;0&#8243; woodmart_gradient_switch=&#8221;no&#8221; woodmart_box_shadow=&#8221;no&#8221; wd_z_index=&#8221;no&#8221; woodmart_disable_overflow=&#8221;0&#8243; row_reverse_mobile=&#8221;0&#8243; row_reverse_tablet=&#8221;0&#8243;][vc_column][vc_custom_heading text=&#8221;Kullan\u0131m Ko\u015fullar\u0131&#8221; font_container=&#8221;tag:h1|font_size:44|text_align:center|color:%23ffffff&#8221; use_theme_fonts=&#8221;yes&#8221;][\/vc_column][\/vc_row][vc_row][vc_column][vc_column_text]<\/p>\n<h5>Fiyatlar\u0131m\u0131za \u015funlar dahildir:<\/h5>\n<ul>\n<li>24 saatlik kiralama (1 g\u00fcn)<\/li>\n<li>Bak\u0131m, araba i\u00e7in ya\u011f ve su<\/li>\n<li>Ciddi bir motor probleminde araban\u0131n de\u011fi\u015ftirilmesi<\/li>\n<li>G\u00fcvenlik kemerleri<\/li>\n<li>Yol haritalar\u0131 (iste\u011fe g\u00f6re)<\/li>\n<li>\u00dc\u00e7\u00fcnc\u00fc \u015fah\u0131slara \u00d6l\u00fcm veya bedensel hasarlar i\u00e7in sigorta, \u00fc\u00e7\u00fcnc\u00fc \u015fah\u0131slara maddi hasarlar, ve yang\u0131n sigortas\u0131<\/li>\n<li>Hi\u00e7bir ekstra \u00fccret talebi olmadan d\u00fcnyan\u0131n herhangi bir yerinden rezervasyon yapma imkan\u0131<\/li>\n<li>\u0130\u015fbirli\u011fi a\u011f\u0131 \u00e7er\u00e7evesinde, t\u00fcm Yunanistan\u2019da ve t\u00fcm d\u00fcnyada rekabeti art\u0131ran fiyatlarla araba kiralama imkan\u0131<\/li>\n<\/ul>\n<h5>Kiralaman\u0131n \u00f6zel \u015fartlar\u0131<\/h5>\n<ul>\n<li><strong>\u015eof\u00f6r ya\u015f\u0131:<\/strong> Asgari ya\u015f 23.<\/li>\n<li><strong>Ehliyet:<\/strong> En az bir y\u0131l \u00f6nce verilmi\u015f olan Yunan ya da Uluslararas\u0131<\/li>\n<li><strong>En d\u00fc\u015f\u00fck \u00f6deme:<\/strong> Yirmi d\u00f6rt saat (1 g\u00fcn). Bunun d\u0131\u015f\u0131ndaki her saat g\u00fcnl\u00fck fiyat\u0131n 1\/6 dan \u00fccretlendiriliyor.<\/li>\n<li><strong>\u00c7ocuk koltuklar\u0131:<\/strong> Y\u00fcksek g\u00fcvenlikli \u00e7ocuk koltuklar\u0131 istek do\u011frultusunda g\u00fcnl\u00fck 3,18 euro \u00fccretlendirme kar\u015f\u0131l\u0131\u011f\u0131nda verilir.<\/li>\n<li><strong>Trafik kurallar\u0131 ihlalleri:<\/strong> T\u00fcm trafik ihlal cezalar\u0131 ve idari para cezalar\u0131 m\u00fc\u015fteri taraf\u0131ndan kar\u015f\u0131lan\u0131r.<\/li>\n<li><strong>Kilometre say\u0131m\u0131:<\/strong> Kilometre say\u0131m\u0131 her zaman \u00f6deme b\u00fcrosunda ba\u015flay\u0131p bitmektedir.<\/li>\n<li><strong>Benzin:<\/strong> M\u00fc\u015fteri taraf\u0131ndan \u00f6denmektedir<\/li>\n<li><strong>Vergiler:<\/strong> Toplam hesaptaki %16 m\u00fc\u015fteri taraf\u0131ndan kar\u015f\u0131lanmaktad\u0131r.<\/li>\n<li><strong>Teslim etme-alma:<\/strong> Sadece Sak\u0131z \u015fehir merkezinin 15 km uzakl\u0131\u011f\u0131n \u00f6tesindeki yerlerdeki teslim etme- alma 21,55 euro ile \u00fccretlendirilir, onun d\u0131\u015f\u0131ndakiler \u00fccretsizdir. B\u00fcronun \u00e7al\u0131\u015fma saatleri d\u0131\u015f\u0131nda (22:00 \u2013 07:00 aras\u0131nda) ger\u00e7ekle\u015fecek olan teslim etme- alma i\u015flemi 22,26 euro ile \u00fccretlendirilmi\u015ftir.<\/li>\n<li><strong>Araba modelinin de\u011fi\u015ftirilmesi:<\/strong> \u00d6zel durumlarda \u015firket araba modelini de\u011fi\u015ftirme hakk\u0131na sahiptir.<\/li>\n<li><strong>Gemilere transfer:<\/strong> Kiralanan araban\u0131n gemiye binmesi sadece \u015firket taraf\u0131ndan yaz\u0131l\u0131 onay ile ger\u00e7ekle\u015febilmektedir.<\/li>\n<\/ul>\n<h5>Sigorta Kapsamas\u0131<\/h5>\n<p><strong>Sigorta:<\/strong> SOT\u0130RAK\u0130S car rental araba kiralama b\u00fcrosunda kiralama s\u00f6zle\u015fmesinde bulunan \u015fof\u00f6r ve yolcular\u0131n yasam ve bedensel hasar (500.000.00 euro ya kadar) ve maddi hasar sigortalar\u0131 da vard\u0131r (500.000.00 euro). Arabay\u0131 ald\u0131klar\u0131 bi\u00e7imde teslim etmek zorundalar, aksi halde b\u00fcromuz m\u00fc\u015fteriden hasarlar i\u00e7in \u00fccret talep etme ya da kiralanan arabadaki hasar giderilene kadar s\u00f6zle\u015fmeyi bitirmeme hakk\u0131na sahiptir.<\/p>\n<h5>Sigorta kapsamas\u0131 d\u0131\u015f\u0131ndaki tutarlar<\/h5>\n<ul>\n<li><strong>(C.D.W.)<\/strong> &#8211; 500 euro dan muafiyetle araba hasarlar\u0131n\u0131 kapsanmas\u0131: Kirac\u0131 yukar\u0131da yaz\u0131lan sorumlulu\u011funu t\u00fcm araba kategorilerinde, g\u00fcnde 6,04 euro \u00f6deyerek, 500 euro ile s\u0131n\u0131rlayabilir.<\/li>\n<li><strong>(F.D.W.)<\/strong> &#8211; \u00dccret muafiyetsiz araba hasarlar\u0131n\u0131n kapsanmas\u0131: \u00d6nce s\u00f6zle\u015fmede (C.D.W) sigortas\u0131 var ise kirac\u0131 g\u00fcnl\u00fck 6,36 euro ile t\u00fcm sorumluluklar\u0131ndan tahliye olabilir.<\/li>\n<li><strong>(W.U.G.)<\/strong> &#8211; Cam k\u0131r\u0131lmalar\u0131na kar\u015f\u0131 araban\u0131n sigortalanmas\u0131: G\u00fcnl\u00fck 6,36 euro ile hasarlar hatta her kategoriden araban\u0131n t\u00fcm camlar\u0131 de\u011fi\u015ftirilebilir.<\/li>\n<li><strong>(P.A.I.)<\/strong> &#8211; Ki\u015fisel sigorta: Her araba tipinde \u015fof\u00f6r ve yolcular\u0131n g\u00fcnl\u00fck 3,18 euro ile sigortalanmalar\u0131. Bu sigorta a\u015fa\u011f\u0131dakileri kaps\u0131yor:\n<ul>\n<li>\u00d6l\u00fcm 15.000.00 euro<\/li>\n<li>T\u00fcmden de\u011fi\u015ftirme 15.000.00 euro<\/li>\n<li>K\u0131smi engellilik % si 15.000.00 euro ya kadar<\/li>\n<li>G\u00fcnl\u00fck tedavi destekleme i\u00e7in 15 euro ve doktor, ila\u00e7 giderleri i\u00e7in 300,00 euro<\/li>\n<li>Her trafik kazas\u0131 i\u00e7in en y\u00fcksek limit 30.000.00 euro<\/li>\n<\/ul>\n<\/li>\n<\/ul>\n<p>[\/vc_column_text][\/vc_column][\/vc_row]<\/p>\n<\/div>","protected":false},"excerpt":{"rendered":"<p>[vc_row woodmart_stretch_content=&#8221;section-stretch-content-no-pd&#8221; css=&#8221;.vc_custom_1680246748124{margin-top: -40px !important;padding-top: 300px !important;padding-bottom: 300px !important;background-image: url(https:\/\/sotirakis.biz\/wp-content\/uploads\/2023\/03\/sotiraki-\u038c\u03c1\u03bf\u03b9-\u03a7\u03c1\u03ae\u03c3\u03b7\u03c2.jpg?id=7846) !important;}&#8221; woodmart_css_id=&#8221;642687b06b0bb&#8221; responsive_spacing=&#8221;eyJwYXJhbV90eXBlIjoid29vZG1hcnRfcmVzcG9uc2l2ZV9zcGFjaW5nIiwic2VsZWN0b3JfaWQiOiI2NDI2ODdiMDZiMGJiIiwic2hvcnRjb2RlIjoidmNfcm93IiwiZGF0YSI6eyJ0YWJsZXQiOnt9LCJtb2JpbGUiOnt9fX0=&#8221; mobile_bg_img_hidden=&#8221;no&#8221; tablet_bg_img_hidden=&#8221;no&#8221; woodmart_parallax=&#8221;0&#8243; woodmart_gradient_switch=&#8221;no&#8221; woodmart_box_shadow=&#8221;no&#8221; wd_z_index=&#8221;no&#8221; woodmart_disable_overflow=&#8221;0&#8243;<\/p>\n","protected":false},"author":3,"featured_media":0,"parent":0,"menu_order":0,"comment_status":"closed","ping_status":"closed","template":"","meta":{"footnotes":""},"class_list":["post-58","page","type-page","status-publish","hentry"],"yoast_head":"<!-- This site is optimized with the Yoast SEO plugin v26.6 - https:\/\/yoast.com\/wordpress\/plugins\/seo\/ -->\n<title>Kullan\u0131m Ko\u015fullar\u0131 - Sotirakis Rent A Car<\/title>\n<meta name=\"description\" content=\"Fiyatlar\u0131m\u0131za \u015funlar dahildir: 24 saatlik kiralama (1 g\u00fcn) Bak\u0131m, araba i\u00e7in ya\u011f ve su Ciddi bir motor probleminde araban\u0131n de\u011fi\u015ftirilmesi G\u00fcvenlik\" \/>\n<meta name=\"robots\" content=\"index, follow, max-snippet:-1, max-image-preview:large, max-video-preview:-1\" \/>\n<link rel=\"canonical\" href=\"https:\/\/sotirakis.biz\/tr\/kullanim-kosullari\/\" \/>\n<meta property=\"og:locale\" content=\"tr_TR\" \/>\n<meta property=\"og:type\" content=\"article\" \/>\n<meta property=\"og:title\" content=\"Kullan\u0131m Ko\u015fullar\u0131 - Sotirakis Rent A Car\" \/>\n<meta property=\"og:description\" content=\"Fiyatlar\u0131m\u0131za \u015funlar dahildir: 24 saatlik kiralama (1 g\u00fcn) Bak\u0131m, araba i\u00e7in ya\u011f ve su Ciddi bir motor probleminde araban\u0131n de\u011fi\u015ftirilmesi G\u00fcvenlik\" \/>\n<meta property=\"og:url\" content=\"https:\/\/sotirakis.biz\/tr\/kullanim-kosullari\/\" \/>\n<meta property=\"og:site_name\" content=\"Sotirakis Rent A Car\" \/>\n<meta property=\"article:modified_time\" content=\"2023-03-31T09:07:27+00:00\" \/>\n<meta name=\"twitter:label1\" content=\"Est. reading time\" \/>\n\t<meta name=\"twitter:data1\" content=\"3 minutes\" \/>\n<script type=\"application\/ld+json\" class=\"yoast-schema-graph\">{\"@context\":\"https:\/\/schema.org\",\"@graph\":[{\"@type\":\"WebPage\",\"@id\":\"https:\/\/sotirakis.biz\/tr\/kullanim-kosullari\/\",\"url\":\"https:\/\/sotirakis.biz\/tr\/kullanim-kosullari\/\",\"name\":\"Kullan\u0131m Ko\u015fullar\u0131 - Sotirakis Rent A Car\",\"isPartOf\":{\"@id\":\"https:\/\/sotirakis.biz\/tr\/#website\"},\"datePublished\":\"2014-03-08T11:47:58+00:00\",\"dateModified\":\"2023-03-31T09:07:27+00:00\",\"description\":\"Fiyatlar\u0131m\u0131za \u015funlar dahildir: 24 saatlik kiralama (1 g\u00fcn) Bak\u0131m, araba i\u00e7in ya\u011f ve su Ciddi bir motor probleminde araban\u0131n de\u011fi\u015ftirilmesi G\u00fcvenlik\",\"breadcrumb\":{\"@id\":\"https:\/\/sotirakis.biz\/tr\/kullanim-kosullari\/#breadcrumb\"},\"inLanguage\":\"tr\",\"potentialAction\":[{\"@type\":\"ReadAction\",\"target\":[\"https:\/\/sotirakis.biz\/tr\/kullanim-kosullari\/\"]}]},{\"@type\":\"BreadcrumbList\",\"@id\":\"https:\/\/sotirakis.biz\/tr\/kullanim-kosullari\/#breadcrumb\",\"itemListElement\":[{\"@type\":\"ListItem\",\"position\":1,\"name\":\"Home\",\"item\":\"https:\/\/sotirakis.biz\/tr\/\"},{\"@type\":\"ListItem\",\"position\":2,\"name\":\"Kullan\u0131m Ko\u015fullar\u0131\"}]},{\"@type\":\"WebSite\",\"@id\":\"https:\/\/sotirakis.biz\/tr\/#website\",\"url\":\"https:\/\/sotirakis.biz\/tr\/\",\"name\":\"Sotirakis Rent A Car\",\"description\":\"Sak\u0131z Oto Kiralama\",\"potentialAction\":[{\"@type\":\"SearchAction\",\"target\":{\"@type\":\"EntryPoint\",\"urlTemplate\":\"https:\/\/sotirakis.biz\/tr\/?s={search_term_string}\"},\"query-input\":{\"@type\":\"PropertyValueSpecification\",\"valueRequired\":true,\"valueName\":\"search_term_string\"}}],\"inLanguage\":\"tr\"}]}<\/script>\n<!-- \/ Yoast SEO plugin. -->","yoast_head_json":{"title":"Kullan\u0131m Ko\u015fullar\u0131 - Sotirakis Rent A Car","description":"Fiyatlar\u0131m\u0131za \u015funlar dahildir: 24 saatlik kiralama (1 g\u00fcn) Bak\u0131m, araba i\u00e7in ya\u011f ve su Ciddi bir motor probleminde araban\u0131n de\u011fi\u015ftirilmesi G\u00fcvenlik","robots":{"index":"index","follow":"follow","max-snippet":"max-snippet:-1","max-image-preview":"max-image-preview:large","max-video-preview":"max-video-preview:-1"},"canonical":"https:\/\/sotirakis.biz\/tr\/kullanim-kosullari\/","og_locale":"tr_TR","og_type":"article","og_title":"Kullan\u0131m Ko\u015fullar\u0131 - Sotirakis Rent A Car","og_description":"Fiyatlar\u0131m\u0131za \u015funlar dahildir: 24 saatlik kiralama (1 g\u00fcn) Bak\u0131m, araba i\u00e7in ya\u011f ve su Ciddi bir motor probleminde araban\u0131n de\u011fi\u015ftirilmesi G\u00fcvenlik","og_url":"https:\/\/sotirakis.biz\/tr\/kullanim-kosullari\/","og_site_name":"Sotirakis Rent A Car","article_modified_time":"2023-03-31T09:07:27+00:00","twitter_misc":{"Est. reading time":"3 minutes"},"schema":{"@context":"https:\/\/schema.org","@graph":[{"@type":"WebPage","@id":"https:\/\/sotirakis.biz\/tr\/kullanim-kosullari\/","url":"https:\/\/sotirakis.biz\/tr\/kullanim-kosullari\/","name":"Kullan\u0131m Ko\u015fullar\u0131 - Sotirakis Rent A Car","isPartOf":{"@id":"https:\/\/sotirakis.biz\/tr\/#website"},"datePublished":"2014-03-08T11:47:58+00:00","dateModified":"2023-03-31T09:07:27+00:00","description":"Fiyatlar\u0131m\u0131za \u015funlar dahildir: 24 saatlik kiralama (1 g\u00fcn) Bak\u0131m, araba i\u00e7in ya\u011f ve su Ciddi bir motor probleminde araban\u0131n de\u011fi\u015ftirilmesi G\u00fcvenlik","breadcrumb":{"@id":"https:\/\/sotirakis.biz\/tr\/kullanim-kosullari\/#breadcrumb"},"inLanguage":"tr","potentialAction":[{"@type":"ReadAction","target":["https:\/\/sotirakis.biz\/tr\/kullanim-kosullari\/"]}]},{"@type":"BreadcrumbList","@id":"https:\/\/sotirakis.biz\/tr\/kullanim-kosullari\/#breadcrumb","itemListElement":[{"@type":"ListItem","position":1,"name":"Home","item":"https:\/\/sotirakis.biz\/tr\/"},{"@type":"ListItem","position":2,"name":"Kullan\u0131m Ko\u015fullar\u0131"}]},{"@type":"WebSite","@id":"https:\/\/sotirakis.biz\/tr\/#website","url":"https:\/\/sotirakis.biz\/tr\/","name":"Sotirakis Rent A Car","description":"Sak\u0131z Oto Kiralama","potentialAction":[{"@type":"SearchAction","target":{"@type":"EntryPoint","urlTemplate":"https:\/\/sotirakis.biz\/tr\/?s={search_term_string}"},"query-input":{"@type":"PropertyValueSpecification","valueRequired":true,"valueName":"search_term_string"}}],"inLanguage":"tr"}]}},"_links":{"self":[{"href":"https:\/\/sotirakis.biz\/tr\/wp-json\/wp\/v2\/pages\/58","targetHints":{"allow":["GET"]}}],"collection":[{"href":"https:\/\/sotirakis.biz\/tr\/wp-json\/wp\/v2\/pages"}],"about":[{"href":"https:\/\/sotirakis.biz\/tr\/wp-json\/wp\/v2\/types\/page"}],"author":[{"embeddable":true,"href":"https:\/\/sotirakis.biz\/tr\/wp-json\/wp\/v2\/users\/3"}],"replies":[{"embeddable":true,"href":"https:\/\/sotirakis.biz\/tr\/wp-json\/wp\/v2\/comments?post=58"}],"version-history":[{"count":1,"href":"https:\/\/sotirakis.biz\/tr\/wp-json\/wp\/v2\/pages\/58\/revisions"}],"predecessor-version":[{"id":7854,"href":"https:\/\/sotirakis.biz\/tr\/wp-json\/wp\/v2\/pages\/58\/revisions\/7854"}],"wp:attachment":[{"href":"https:\/\/sotirakis.biz\/tr\/wp-json\/wp\/v2\/media?parent=58"}],"curies":[{"name":"wp","href":"https:\/\/api.w.org\/{rel}","templated":true}]}}